{"id":491,"date":"2018-04-14T00:06:22","date_gmt":"2018-04-14T04:06:22","guid":{"rendered":"http:\/\/pmp2.cashin.ca\/?page_id=491"},"modified":"2022-04-08T14:24:47","modified_gmt":"2022-04-08T18:24:47","slug":"accueil-2-2","status":"publish","type":"page","link":"https:\/\/pmpvalve.com\/fr\/","title":{"rendered":"Accueil"},"content":{"rendered":"<div class=\"wpb-content-wrapper\">[vc_row fullwidth=\u00a0\u00bbtrue\u00a0\u00bb][vc_column][rev_slider_vc alias=\u00a0\u00bbh3-fr\u00a0\u00bb el_class=\u00a0\u00bbhome-slider\u00a0\u00bb][\/vc_column][\/vc_row][vc_row][vc_column][mk_padding_divider size=\u00a0\u00bb50&Prime;][vc_row_inner el_class=\u00a0\u00bbcenter-y\u00a0\u00bb][vc_column_inner width=\u00a0\u00bb1\/3&Prime;][mk_fancy_title color=\u00a0\u00bb#231f20&Prime; size=\u00a0\u00bb16&Prime; margin_bottom=\u00a0\u00bb0&Prime; font_family=\u00a0\u00bbnone\u00a0\u00bb]Vous pouvez b\u00e9n\u00e9ficier de nos vannes \u00e0 guillotine Jash. En pr\u00e9venant les fuites dans l&rsquo;atmosph\u00e8re, en r\u00e9duisant le couple de fonctionnement et en r\u00e9duisant les besoins d&rsquo;entretien, il est s\u00fbr de vous fournir le contr\u00f4le de d\u00e9bit dont vous avez besoin. La porte de pr\u00e9cision peut couper la plupart des d\u00e9bris dans les deux sens. L&rsquo;ensemble de joint torique est certifi\u00e9 conforme aux normes antipollution Ta-Luft et il est \u00e9valu\u00e9 \u00e0 un minimum de 5000 cycles sans remplacement. Regardez la vid\u00e9o pour en apprendre plus.[\/mk_fancy_title][\/vc_column_inner][vc_column_inner width=\u00a0\u00bb2\/3&Prime;][vc_video host=\u00a0\u00bbself_hosted\u00a0\u00bb mp4=\u00a0\u00bbhttps:\/\/pmpvalve.com\/wp-content\/uploads\/2018\/03\/pmp-knife-gate-intro.mp4&Prime; poster_image=\u00a0\u00bbhttps:\/\/pmpvalve.com\/wp-content\/uploads\/2018\/03\/2018-03-27_1232.png\u00a0\u00bb custom_thumbnail=\u00a0\u00bbtrue\u00a0\u00bb aspect_ratio=\u00a0\u00bbtrue\u00a0\u00bb play_icon_size=\u00a0\u00bb64&Prime; play_icon_color=\u00a0\u00bb#1f457d\u00a0\u00bb play_target=\u00a0\u00bbsame\u00a0\u00bb thumbnail_image=\u00a0\u00bb191&Prime;][\/vc_column_inner][\/vc_row_inner][mk_padding_divider size=\u00a0\u00bb50&Prime;][\/vc_column][\/vc_row][vc_row fullwidth=\u00a0\u00bbtrue\u00a0\u00bb fullwidth_content=\u00a0\u00bbfalse\u00a0\u00bb css=\u00a0\u00bb.vc_custom_1521720236591{background-color: #f4f4f4 !important;}\u00a0\u00bb][vc_column][mk_padding_divider size=\u00a0\u00bb50&Prime;][mk_imagebox per_view=\u00a0\u00bb3&Prime; el_class=\u00a0\u00bbhome-img-box\u00a0\u00bb][mk_imagebox_item item_image=\u00a0\u00bbhttps:\/\/pmpvalve.com\/wp-content\/uploads\/2018\/04\/potable-water-2.jpg\u00a0\u00bb image_padding=\u00a0\u00bbfalse\u00a0\u00bb item_title=\u00a0\u00bbEau potable\u00a0\u00bb title_text_size=\u00a0\u00bb20&Prime; title_font_weight=\u00a0\u00bb400&Prime; title_color=\u00a0\u00bb#1f457d\u00a0\u00bb text_color=\u00a0\u00bb#231f20&Prime; btn_text=\u00a0\u00bbEn savoir plus\u00a0\u00bb btn_url=\u00a0\u00bb\/fr\/eau-potable\/\u00a0\u00bb btn_background_color=\u00a0\u00bb#c33d4f\u00a0\u00bb btn_text_color=\u00a0\u00bb#ffffff\u00a0\u00bb btn_hover_background_color=\u00a0\u00bb#1f457d\u00a0\u00bb]Notre s\u00e9rie de vannes \u00e0 guillotine Jash mono offre des caract\u00e9ristiques exceptionnelles par rapport aux vannes \u00e0 guillotine conventionnelles et est particuli\u00e8rement bien adapt\u00e9e aux applications d\u2019eau potable.[\/mk_imagebox_item][mk_imagebox_item item_image=\u00a0\u00bbhttps:\/\/pmpvalve.com\/wp-content\/uploads\/2018\/04\/waste-water-2.jpg\u00a0\u00bb image_padding=\u00a0\u00bbfalse\u00a0\u00bb item_title=\u00a0\u00bbEaux us\u00e9es\u00a0\u00bb title_text_size=\u00a0\u00bb20&Prime; title_font_weight=\u00a0\u00bb400&Prime; title_color=\u00a0\u00bb#1f457d\u00a0\u00bb text_color=\u00a0\u00bb#231f20&Prime; btn_text=\u00a0\u00bbEn savoir plus\u00a0\u00bb btn_url=\u00a0\u00bb\/fr\/eaux-usees\/\u00a0\u00bb btn_background_color=\u00a0\u00bb#c33d4f\u00a0\u00bb btn_text_color=\u00a0\u00bb#ffffff\u00a0\u00bb btn_hover_background_color=\u00a0\u00bb#1f457d\u00a0\u00bb]Notre s\u00e9rie de vannes \u00e0 guillotine Jash mono r\u00e9sout l\u2019un des principaux probl\u00e8mes de gestion des eaux us\u00e9es: Fuite \u00e0 l\u2019atmosph\u00e8re[\/mk_imagebox_item][mk_imagebox_item item_image=\u00a0\u00bbhttps:\/\/pmpvalve.com\/wp-content\/uploads\/2018\/04\/pulp-paper-1.jpg\u00a0\u00bb image_padding=\u00a0\u00bbfalse\u00a0\u00bb item_title=\u00a0\u00bbP\u00e2te et papier\u00a0\u00bb title_text_size=\u00a0\u00bb20&Prime; title_font_weight=\u00a0\u00bb400&Prime; title_color=\u00a0\u00bb#1f457d\u00a0\u00bb text_color=\u00a0\u00bb#231f20&Prime; btn_text=\u00a0\u00bbEn savoir plus\u00a0\u00bb btn_url=\u00a0\u00bb\/fr\/pate-et-papier\/\u00a0\u00bb btn_background_color=\u00a0\u00bb#c33d4f\u00a0\u00bb btn_text_color=\u00a0\u00bb#ffffff\u00a0\u00bb btn_hover_background_color=\u00a0\u00bb#1f457d\u00a0\u00bb]Notre s\u00e9rie de vannes \u00e0 guillotine mono Jash incorpore une porte \u00e0 couteau circulaire innovante usin\u00e9e avec pr\u00e9cision sur toute la circonf\u00e9rence. Cela signifie qu\u2019il coupe les solides lors de l\u2019ouverture et de la fermeture.[\/mk_imagebox_item][mk_imagebox_item item_image=\u00a0\u00bbhttps:\/\/pmpvalve.com\/wp-content\/uploads\/2018\/04\/other-industries-2.jpg\u00a0\u00bb image_padding=\u00a0\u00bbfalse\u00a0\u00bb item_title=\u00a0\u00bbAutres industries\u00a0\u00bb title_text_size=\u00a0\u00bb20&Prime; title_font_weight=\u00a0\u00bb400&Prime; title_color=\u00a0\u00bb#1f457d\u00a0\u00bb text_color=\u00a0\u00bb#231f20&Prime; btn_text=\u00a0\u00bbEn savoir plus\u00a0\u00bb btn_url=\u00a0\u00bb\/fr\/autres-industries\/\u00a0\u00bb btn_background_color=\u00a0\u00bb#c33d4f\u00a0\u00bb btn_text_color=\u00a0\u00bb#ffffff\u00a0\u00bb btn_hover_background_color=\u00a0\u00bb#1f457d\u00a0\u00bb]Notre s\u00e9rie Jash mono de vannes \u00e0 guillotine peut \u00eatre configur\u00e9e pour une utilisation dans de nombreuses industries :<\/p>\n<ul>\n<li>Nourriture et boisson<\/li>\n<li>P\u00e9trole et gaz<\/li>\n<li>La production d\u2019\u00e9nergie<\/li>\n<li>Manutention en vrac<\/li>\n<\/ul>\n[\/mk_imagebox_item][\/mk_imagebox][mk_padding_divider size=\u00a0\u00bb50&Prime;][\/vc_column][\/vc_row][mk_page_section bg_image=\u00a0\u00bbhttps:\/\/pmpvalve.com\/wp-content\/uploads\/2018\/04\/valve-1559524_1920_1.jpg\u00a0\u00bb bg_position=\u00a0\u00bbright top\u00a0\u00bb bg_repeat=\u00a0\u00bbno-repeat\u00a0\u00bb bg_stretch=\u00a0\u00bbtrue\u00a0\u00bb min_height=\u00a0\u00bb559&Prime; js_vertical_centered=\u00a0\u00bbtrue\u00a0\u00bb visibility=\u00a0\u00bbhidden-sm\u00a0\u00bb el_class=\u00a0\u00bbhome-page-sec\u00a0\u00bb sidebar=\u00a0\u00bbsidebar-1&Prime;][vc_column][mk_custom_box el_class=\u00a0\u00bbhome-2-custom-box\u00a0\u00bb][mk_fancy_title color=\u00a0\u00bb#ffffff\u00a0\u00bb size=\u00a0\u00bb30&Prime; font_weight=\u00a0\u00bbbold\u00a0\u00bb txt_transform=\u00a0\u00bbuppercase\u00a0\u00bb margin_bottom=\u00a0\u00bb0&Prime; font_family=\u00a0\u00bbnone\u00a0\u00bb]\u00c0 propos de nous[\/mk_fancy_title][mk_divider style=\u00a0\u00bbthin_solid\u00a0\u00bb thin_single_color=\u00a0\u00bb#696969&Prime; margin_top=\u00a0\u00bb0&Prime;][mk_fancy_title color=\u00a0\u00bb#ffffff\u00a0\u00bb size=\u00a0\u00bb16&Prime; margin_bottom=\u00a0\u00bb0&Prime; font_family=\u00a0\u00bbnone\u00a0\u00bb responsive_align=\u00a0\u00bbleft\u00a0\u00bb]Nous vendons des vannes \u00e0 guillotine, des clapets anti-retour, des vannes \u00e0 soupape, des vannes d&rsquo;amortissement, des filtres et des actionneurs \u00e0 toute industrie qui n\u00e9cessite un contr\u00f4le de d\u00e9bit de la plupart des types de liquides. Et nous le faisons depuis plus de 30 ans. Nos vannes \u00e0 guillotine Jash les plus vendues sont utilis\u00e9es dans de nombreuses industries. En savoir plus sur nous ou appelez-nous.[\/mk_fancy_title][\/mk_custom_box][\/vc_column][\/mk_page_section][mk_page_section bg_color=\u00a0\u00bb#1f457d\u00a0\u00bb bg_position=\u00a0\u00bbright top\u00a0\u00bb bg_repeat=\u00a0\u00bbno-repeat\u00a0\u00bb bg_stretch=\u00a0\u00bbtrue\u00a0\u00bb min_height=\u00a0\u00bb559&Prime; js_vertical_centered=\u00a0\u00bbtrue\u00a0\u00bb visibility=\u00a0\u00bbvisible-sm\u00a0\u00bb el_class=\u00a0\u00bbhome-page-sec\u00a0\u00bb sidebar=\u00a0\u00bbsidebar-1&Prime;][vc_column][mk_custom_box el_class=\u00a0\u00bbhome-2-custom-box\u00a0\u00bb][mk_fancy_title color=\u00a0\u00bb#ffffff\u00a0\u00bb size=\u00a0\u00bb30&Prime; font_weight=\u00a0\u00bbbold\u00a0\u00bb txt_transform=\u00a0\u00bbuppercase\u00a0\u00bb margin_bottom=\u00a0\u00bb0&Prime; font_family=\u00a0\u00bbnone\u00a0\u00bb]\u00c0 propos de nous[\/mk_fancy_title][mk_divider style=\u00a0\u00bbthin_solid\u00a0\u00bb thin_single_color=\u00a0\u00bb#696969&Prime; margin_top=\u00a0\u00bb0&Prime;][mk_fancy_title color=\u00a0\u00bb#ffffff\u00a0\u00bb size=\u00a0\u00bb16&Prime; margin_bottom=\u00a0\u00bb0&Prime; font_family=\u00a0\u00bbnone\u00a0\u00bb responsive_align=\u00a0\u00bbleft\u00a0\u00bb]Nous vendons des vannes \u00e0 guillotine, des clapets anti-retour, des vannes \u00e0 soupape, des vannes d&rsquo;amortissement, des filtres et des actionneurs \u00e0 toute industrie qui n\u00e9cessite un contr\u00f4le de d\u00e9bit de la plupart des types de liquides. Et nous le faisons depuis plus de 30 ans. Nos vannes \u00e0 guillotine Jash les plus vendues sont utilis\u00e9es dans de nombreuses industries. En savoir plus sur nous ou appelez-nous.[\/mk_fancy_title][\/mk_custom_box][\/vc_column][\/mk_page_section]\n<\/div>","protected":false},"excerpt":{"rendered":"<p>[vc_row fullwidth=\u00a0\u00bbtrue\u00a0\u00bb][vc_column][rev_slider_vc alias=\u00a0\u00bbh3-fr\u00a0\u00bb el_class=\u00a0\u00bbhome-slider\u00a0\u00bb][\/vc_column][\/vc_row][vc_row][vc_column][mk_padding_divider size=\u00a0\u00bb50&Prime;][vc_row_inner el_class=\u00a0\u00bbcenter-y\u00a0\u00bb][vc_column_inner width=\u00a0\u00bb1\/3&Prime;][mk_fancy_title color=\u00a0\u00bb#231f20&Prime; size=\u00a0\u00bb16&Prime; margin_bottom=\u00a0\u00bb0&Prime; font_family=\u00a0\u00bbnone\u00a0\u00bb]Vous pouvez b\u00e9n\u00e9ficier de nos vannes \u00e0 guillotine Jash. En pr\u00e9venant les fuites dans l&rsquo;atmosph\u00e8re, en r\u00e9duisant le couple de fonctionnement et en r\u00e9duisant les besoins d&rsquo;entretien, il est s\u00fbr de vous fournir le contr\u00f4le de d\u00e9bit dont vous avez besoin. La porte de pr\u00e9cision [&hellip;]<\/p>\n","protected":false},"author":2,"featured_media":0,"parent":0,"menu_order":0,"comment_status":"closed","ping_status":"closed","template":"","meta":{"footnotes":""},"class_list":["post-491","page","type-page","status-publish","hentry"],"yoast_head":"<!-- This site is optimized with the Yoast SEO plugin v27.2 - https:\/\/yoast.com\/product\/yoast-seo-wordpress\/ -->\n<title>Accueil - PMP Precision Valve Co. Ltd.<\/title>\n<meta name=\"robots\" content=\"index, follow, max-snippet:-1, max-image-preview:large, max-video-preview:-1\" \/>\n<link rel=\"canonical\" href=\"https:\/\/pmpvalve.com\/fr\/\" \/>\n<meta property=\"og:locale\" content=\"fr_FR\" \/>\n<meta property=\"og:type\" content=\"article\" \/>\n<meta property=\"og:title\" content=\"Accueil - PMP Precision Valve Co. Ltd.\" \/>\n<meta property=\"og:description\" content=\"[vc_row fullwidth=\u00a0\u00bbtrue\u00a0\u00bb][vc_column][rev_slider_vc alias=\u00a0\u00bbh3-fr\u00a0\u00bb el_class=\u00a0\u00bbhome-slider\u00a0\u00bb][\/vc_column][\/vc_row][vc_row][vc_column][mk_padding_divider size=\u00a0\u00bb50&Prime;][vc_row_inner el_class=\u00a0\u00bbcenter-y\u00a0\u00bb][vc_column_inner width=\u00a0\u00bb1\/3&Prime;][mk_fancy_title color=\u00a0\u00bb#231f20&Prime; size=\u00a0\u00bb16&Prime; margin_bottom=\u00a0\u00bb0&Prime; font_family=\u00a0\u00bbnone\u00a0\u00bb]Vous pouvez b\u00e9n\u00e9ficier de nos vannes \u00e0 guillotine Jash. En pr\u00e9venant les fuites dans l&rsquo;atmosph\u00e8re, en r\u00e9duisant le couple de fonctionnement et en r\u00e9duisant les besoins d&rsquo;entretien, il est s\u00fbr de vous fournir le contr\u00f4le de d\u00e9bit dont vous avez besoin. La porte de pr\u00e9cision [&hellip;]\" \/>\n<meta property=\"og:url\" content=\"https:\/\/pmpvalve.com\/fr\/\" \/>\n<meta property=\"og:site_name\" content=\"PMP Precision Valve Co. Ltd.\" \/>\n<meta property=\"article:publisher\" content=\"https:\/\/www.facebook.com\/PMP-Precision-Valve-473424296169531\" \/>\n<meta property=\"article:modified_time\" content=\"2022-04-08T18:24:47+00:00\" \/>\n<meta name=\"twitter:card\" content=\"summary_large_image\" \/>\n<meta name=\"twitter:label1\" content=\"Dur\u00e9e de lecture estim\u00e9e\" \/>\n\t<meta name=\"twitter:data1\" content=\"5 minutes\" \/>\n<script type=\"application\/ld+json\" class=\"yoast-schema-graph\">{\"@context\":\"https:\/\/schema.org\",\"@graph\":[{\"@type\":\"WebPage\",\"@id\":\"https:\/\/pmpvalve.com\/fr\/\",\"url\":\"https:\/\/pmpvalve.com\/fr\/\",\"name\":\"Accueil - PMP Precision Valve Co. Ltd.\",\"isPartOf\":{\"@id\":\"https:\/\/pmpvalve.com\/fr\/#website\"},\"datePublished\":\"2018-04-14T04:06:22+00:00\",\"dateModified\":\"2022-04-08T18:24:47+00:00\",\"breadcrumb\":{\"@id\":\"https:\/\/pmpvalve.com\/fr\/#breadcrumb\"},\"inLanguage\":\"fr-FR\",\"potentialAction\":[{\"@type\":\"ReadAction\",\"target\":[\"https:\/\/pmpvalve.com\/fr\/\"]}]},{\"@type\":\"BreadcrumbList\",\"@id\":\"https:\/\/pmpvalve.com\/fr\/#breadcrumb\",\"itemListElement\":[{\"@type\":\"ListItem\",\"position\":1,\"name\":\"Home\",\"item\":\"https:\/\/pmpvalve.com\/fr\/\"},{\"@type\":\"ListItem\",\"position\":2,\"name\":\"Accueil\"}]},{\"@type\":\"WebSite\",\"@id\":\"https:\/\/pmpvalve.com\/fr\/#website\",\"url\":\"https:\/\/pmpvalve.com\/fr\/\",\"name\":\"PMP Precision Valve Co. Ltd.\",\"description\":\"\",\"publisher\":{\"@id\":\"https:\/\/pmpvalve.com\/fr\/#organization\"},\"potentialAction\":[{\"@type\":\"SearchAction\",\"target\":{\"@type\":\"EntryPoint\",\"urlTemplate\":\"https:\/\/pmpvalve.com\/fr\/?s={search_term_string}\"},\"query-input\":{\"@type\":\"PropertyValueSpecification\",\"valueRequired\":true,\"valueName\":\"search_term_string\"}}],\"inLanguage\":\"fr-FR\"},{\"@type\":\"Organization\",\"@id\":\"https:\/\/pmpvalve.com\/fr\/#organization\",\"name\":\"PMP Precision Valve Co. Inc.\",\"url\":\"https:\/\/pmpvalve.com\/fr\/\",\"logo\":{\"@type\":\"ImageObject\",\"inLanguage\":\"fr-FR\",\"@id\":\"https:\/\/pmpvalve.com\/fr\/#\/schema\/logo\/image\/\",\"url\":\"http:\/\/pmpvalve.com\/wp-content\/uploads\/2018\/04\/pmp_logo.png\",\"contentUrl\":\"http:\/\/pmpvalve.com\/wp-content\/uploads\/2018\/04\/pmp_logo.png\",\"width\":250,\"height\":80,\"caption\":\"PMP Precision Valve Co. Inc.\"},\"image\":{\"@id\":\"https:\/\/pmpvalve.com\/fr\/#\/schema\/logo\/image\/\"},\"sameAs\":[\"https:\/\/www.facebook.com\/PMP-Precision-Valve-473424296169531\",\"https:\/\/ca.linkedin.com\/company\/pmp-precision-valve-co-ltd\"]}]}<\/script>\n<!-- \/ Yoast SEO plugin. -->","yoast_head_json":{"title":"Accueil - PMP Precision Valve Co. Ltd.","robots":{"index":"index","follow":"follow","max-snippet":"max-snippet:-1","max-image-preview":"max-image-preview:large","max-video-preview":"max-video-preview:-1"},"canonical":"https:\/\/pmpvalve.com\/fr\/","og_locale":"fr_FR","og_type":"article","og_title":"Accueil - PMP Precision Valve Co. Ltd.","og_description":"[vc_row fullwidth=\u00a0\u00bbtrue\u00a0\u00bb][vc_column][rev_slider_vc alias=\u00a0\u00bbh3-fr\u00a0\u00bb el_class=\u00a0\u00bbhome-slider\u00a0\u00bb][\/vc_column][\/vc_row][vc_row][vc_column][mk_padding_divider size=\u00a0\u00bb50&Prime;][vc_row_inner el_class=\u00a0\u00bbcenter-y\u00a0\u00bb][vc_column_inner width=\u00a0\u00bb1\/3&Prime;][mk_fancy_title color=\u00a0\u00bb#231f20&Prime; size=\u00a0\u00bb16&Prime; margin_bottom=\u00a0\u00bb0&Prime; font_family=\u00a0\u00bbnone\u00a0\u00bb]Vous pouvez b\u00e9n\u00e9ficier de nos vannes \u00e0 guillotine Jash. En pr\u00e9venant les fuites dans l&rsquo;atmosph\u00e8re, en r\u00e9duisant le couple de fonctionnement et en r\u00e9duisant les besoins d&rsquo;entretien, il est s\u00fbr de vous fournir le contr\u00f4le de d\u00e9bit dont vous avez besoin. La porte de pr\u00e9cision [&hellip;]","og_url":"https:\/\/pmpvalve.com\/fr\/","og_site_name":"PMP Precision Valve Co. Ltd.","article_publisher":"https:\/\/www.facebook.com\/PMP-Precision-Valve-473424296169531","article_modified_time":"2022-04-08T18:24:47+00:00","twitter_card":"summary_large_image","twitter_misc":{"Dur\u00e9e de lecture estim\u00e9e":"5 minutes"},"schema":{"@context":"https:\/\/schema.org","@graph":[{"@type":"WebPage","@id":"https:\/\/pmpvalve.com\/fr\/","url":"https:\/\/pmpvalve.com\/fr\/","name":"Accueil - PMP Precision Valve Co. Ltd.","isPartOf":{"@id":"https:\/\/pmpvalve.com\/fr\/#website"},"datePublished":"2018-04-14T04:06:22+00:00","dateModified":"2022-04-08T18:24:47+00:00","breadcrumb":{"@id":"https:\/\/pmpvalve.com\/fr\/#breadcrumb"},"inLanguage":"fr-FR","potentialAction":[{"@type":"ReadAction","target":["https:\/\/pmpvalve.com\/fr\/"]}]},{"@type":"BreadcrumbList","@id":"https:\/\/pmpvalve.com\/fr\/#breadcrumb","itemListElement":[{"@type":"ListItem","position":1,"name":"Home","item":"https:\/\/pmpvalve.com\/fr\/"},{"@type":"ListItem","position":2,"name":"Accueil"}]},{"@type":"WebSite","@id":"https:\/\/pmpvalve.com\/fr\/#website","url":"https:\/\/pmpvalve.com\/fr\/","name":"PMP Precision Valve Co. Ltd.","description":"","publisher":{"@id":"https:\/\/pmpvalve.com\/fr\/#organization"},"potentialAction":[{"@type":"SearchAction","target":{"@type":"EntryPoint","urlTemplate":"https:\/\/pmpvalve.com\/fr\/?s={search_term_string}"},"query-input":{"@type":"PropertyValueSpecification","valueRequired":true,"valueName":"search_term_string"}}],"inLanguage":"fr-FR"},{"@type":"Organization","@id":"https:\/\/pmpvalve.com\/fr\/#organization","name":"PMP Precision Valve Co. Inc.","url":"https:\/\/pmpvalve.com\/fr\/","logo":{"@type":"ImageObject","inLanguage":"fr-FR","@id":"https:\/\/pmpvalve.com\/fr\/#\/schema\/logo\/image\/","url":"http:\/\/pmpvalve.com\/wp-content\/uploads\/2018\/04\/pmp_logo.png","contentUrl":"http:\/\/pmpvalve.com\/wp-content\/uploads\/2018\/04\/pmp_logo.png","width":250,"height":80,"caption":"PMP Precision Valve Co. Inc."},"image":{"@id":"https:\/\/pmpvalve.com\/fr\/#\/schema\/logo\/image\/"},"sameAs":["https:\/\/www.facebook.com\/PMP-Precision-Valve-473424296169531","https:\/\/ca.linkedin.com\/company\/pmp-precision-valve-co-ltd"]}]}},"_links":{"self":[{"href":"https:\/\/pmpvalve.com\/fr\/wp-json\/wp\/v2\/pages\/491","targetHints":{"allow":["GET"]}}],"collection":[{"href":"https:\/\/pmpvalve.com\/fr\/wp-json\/wp\/v2\/pages"}],"about":[{"href":"https:\/\/pmpvalve.com\/fr\/wp-json\/wp\/v2\/types\/page"}],"author":[{"embeddable":true,"href":"https:\/\/pmpvalve.com\/fr\/wp-json\/wp\/v2\/users\/2"}],"replies":[{"embeddable":true,"href":"https:\/\/pmpvalve.com\/fr\/wp-json\/wp\/v2\/comments?post=491"}],"version-history":[{"count":12,"href":"https:\/\/pmpvalve.com\/fr\/wp-json\/wp\/v2\/pages\/491\/revisions"}],"predecessor-version":[{"id":670,"href":"https:\/\/pmpvalve.com\/fr\/wp-json\/wp\/v2\/pages\/491\/revisions\/670"}],"wp:attachment":[{"href":"https:\/\/pmpvalve.com\/fr\/wp-json\/wp\/v2\/media?parent=491"}],"curies":[{"name":"wp","href":"https:\/\/api.w.org\/{rel}","templated":true}]}}