{"id":503,"date":"2018-04-14T01:00:45","date_gmt":"2018-04-14T05:00:45","guid":{"rendered":"http:\/\/pmp2.cashin.ca\/?page_id=503"},"modified":"2018-04-14T01:04:22","modified_gmt":"2018-04-14T05:04:22","slug":"eaux-usees","status":"publish","type":"page","link":"https:\/\/pmpvalve.com\/fr\/eaux-usees\/","title":{"rendered":"Eaux us\u00e9es"},"content":{"rendered":"<div class=\"wpb-content-wrapper\">[vc_row fullwidth=\u00a0\u00bbtrue\u00a0\u00bb][vc_column][mk_page_title_box page_title=\u00a0\u00bbEaux us\u00e9es\u00a0\u00bb section_height=\u00a0\u00bb250&Prime; bg_image=\u00a0\u00bbhttp:\/\/pmpvalve.com\/wp-content\/uploads\/2018\/03\/industry-3257263_1920.jpg\u00a0\u00bb bg_position=\u00a0\u00bbcenter bottom\u00a0\u00bb bg_repeat=\u00a0\u00bbno-repeat\u00a0\u00bb bg_stretch=\u00a0\u00bbtrue\u00a0\u00bb overlay=\u00a0\u00bbrgba(0,0,0,0.65)\u00a0\u00bb title_force_font_size=\u00a0\u00bbtrue\u00a0\u00bb title_size_smallscreen=\u00a0\u00bb45&Prime; title_size_tablet=\u00a0\u00bb35&Prime; title_size_phone=\u00a0\u00bb25&Prime; title_letter_spacing=\u00a0\u00bb2&Prime; font_color=\u00a0\u00bb#ffffff\u00a0\u00bb font_weight=\u00a0\u00bbbold\u00a0\u00bb el_class=\u00a0\u00bbcustom-title-box\u00a0\u00bb][\/vc_column][\/vc_row][vc_row el_class=\u00a0\u00bbcenter-y\u00a0\u00bb][vc_column][mk_padding_divider size=\u00a0\u00bb60&Prime;][vc_row_inner el_class=\u00a0\u00bbcenter-y\u00a0\u00bb][vc_column_inner width=\u00a0\u00bb4\/12&Prime;][mk_image src=\u00a0\u00bbhttp:\/\/pmpvalve.com\/wp-content\/uploads\/2018\/03\/valve-97&#215;300.png\u00a0\u00bb image_width=\u00a0\u00bb97&Prime; image_height=\u00a0\u00bb300&Prime; align=\u00a0\u00bbcenter\u00a0\u00bb][\/vc_column_inner][vc_column_inner width=\u00a0\u00bb8\/12&Prime;][mk_fancy_title color=\u00a0\u00bb#231f20&Prime; size=\u00a0\u00bb16&Prime; margin_bottom=\u00a0\u00bb0&Prime; font_family=\u00a0\u00bbnone\u00a0\u00bb]Notre s\u00e9rie de vannes \u00e0 guillotine Jash mono r\u00e9sout l\u2019un des principaux probl\u00e8mes de gestion des eaux us\u00e9es: Fuite \u00e0 l\u2019atmosph\u00e8re<\/p>\n<p>Pendant trop longtemps, les eaux us\u00e9es ont \u00e9t\u00e9 simplement rejet\u00e9es dans l\u2019environnement. Maintenant, nous payons le prix. Dans la plupart des villes modernes, les eaux us\u00e9es sont de v\u00e9ritables brass\u00e9es de sorci\u00e8res. Les d\u00e9chets humains ne repr\u00e9sentent g\u00e9n\u00e9ralement que 34% du m\u00e9lange. Les processus industriels, l\u2019afflux d\u2019eau pluviale et l\u2019infiltration des eaux souterraines constituent l\u2019\u00e9quilibre. Du c\u00f4t\u00e9 r\u00e9sidentiel, la recette inclut des choses comme la mati\u00e8re organique en d\u00e9composition, des nutriments excessifs comme l\u2019ammoniac, le phosphore et l\u2019azote ainsi que des bact\u00e9ries, des virus et des agents pathog\u00e8nes sans mentionner d\u2019autres substances comme les produits pharmaceutiques et de soins personnels. Sur le plan commercial, l\u2019agriculture et l\u2019industrie produisent une masse toxique de pesticides et de chloramines inorganiques ainsi que des m\u00e9taux lourds comme le mercure, le plomb, le cadmium, le chrome et l\u2019arsenic.[\/mk_fancy_title][\/vc_column_inner][\/vc_row_inner][mk_padding_divider][\/vc_column][\/vc_row][mk_page_section bg_image=\u00a0\u00bbhttp:\/\/pmpvalve.com\/wp-content\/uploads\/2018\/04\/waste-water-2.jpg\u00a0\u00bb bg_position=\u00a0\u00bbcenter center\u00a0\u00bb bg_repeat=\u00a0\u00bbno-repeat\u00a0\u00bb bg_stretch=\u00a0\u00bbtrue\u00a0\u00bb min_height=\u00a0\u00bb480&Prime; full_width=\u00a0\u00bbtrue\u00a0\u00bb sidebar=\u00a0\u00bbsidebar-1&Prime;][vc_column][\/vc_column][\/mk_page_section]\n<\/div>","protected":false},"excerpt":{"rendered":"<p>[vc_row fullwidth=\u00a0\u00bbtrue\u00a0\u00bb][vc_column][mk_page_title_box page_title=\u00a0\u00bbEaux us\u00e9es\u00a0\u00bb section_height=\u00a0\u00bb250&Prime; bg_image=\u00a0\u00bbhttp:\/\/pmpvalve.com\/wp-content\/uploads\/2018\/03\/industry-3257263_1920.jpg\u00a0\u00bb bg_position=\u00a0\u00bbcenter bottom\u00a0\u00bb bg_repeat=\u00a0\u00bbno-repeat\u00a0\u00bb bg_stretch=\u00a0\u00bbtrue\u00a0\u00bb overlay=\u00a0\u00bbrgba(0,0,0,0.65)\u00a0\u00bb title_force_font_size=\u00a0\u00bbtrue\u00a0\u00bb title_size_smallscreen=\u00a0\u00bb45&Prime; title_size_tablet=\u00a0\u00bb35&Prime; title_size_phone=\u00a0\u00bb25&Prime; title_letter_spacing=\u00a0\u00bb2&Prime; font_color=\u00a0\u00bb#ffffff\u00a0\u00bb font_weight=\u00a0\u00bbbold\u00a0\u00bb el_class=\u00a0\u00bbcustom-title-box\u00a0\u00bb][\/vc_column][\/vc_row][vc_row el_class=\u00a0\u00bbcenter-y\u00a0\u00bb][vc_column][mk_padding_divider size=\u00a0\u00bb60&Prime;][vc_row_inner el_class=\u00a0\u00bbcenter-y\u00a0\u00bb][vc_column_inner width=\u00a0\u00bb4\/12&Prime;][mk_image src=\u00a0\u00bbhttp:\/\/pmpvalve.com\/wp-content\/uploads\/2018\/03\/valve-97&#215;300.png\u00a0\u00bb image_width=\u00a0\u00bb97&Prime; image_height=\u00a0\u00bb300&Prime; align=\u00a0\u00bbcenter\u00a0\u00bb][\/vc_column_inner][vc_column_inner width=\u00a0\u00bb8\/12&Prime;][mk_fancy_title color=\u00a0\u00bb#231f20&Prime; size=\u00a0\u00bb16&Prime; margin_bottom=\u00a0\u00bb0&Prime; font_family=\u00a0\u00bbnone\u00a0\u00bb]Notre s\u00e9rie de vannes \u00e0 guillotine Jash mono r\u00e9sout l\u2019un des principaux probl\u00e8mes de gestion des eaux us\u00e9es: Fuite \u00e0 l\u2019atmosph\u00e8re Pendant trop longtemps, [&hellip;]<\/p>\n","protected":false},"author":2,"featured_media":0,"parent":0,"menu_order":3,"comment_status":"closed","ping_status":"closed","template":"","meta":{"footnotes":""},"class_list":["post-503","page","type-page","status-publish","hentry"],"yoast_head":"<!-- This site is optimized with the Yoast SEO plugin v27.2 - https:\/\/yoast.com\/product\/yoast-seo-wordpress\/ -->\n<title>Eaux us\u00e9es - PMP Precision Valve Co. Ltd.<\/title>\n<meta name=\"robots\" content=\"index, follow, max-snippet:-1, max-image-preview:large, max-video-preview:-1\" \/>\n<link rel=\"canonical\" href=\"https:\/\/pmpvalve.com\/fr\/eaux-usees\/\" \/>\n<meta property=\"og:locale\" content=\"fr_FR\" \/>\n<meta property=\"og:type\" content=\"article\" \/>\n<meta property=\"og:title\" content=\"Eaux us\u00e9es - PMP Precision Valve Co. Ltd.\" \/>\n<meta property=\"og:description\" content=\"[vc_row fullwidth=\u00a0\u00bbtrue\u00a0\u00bb][vc_column][mk_page_title_box page_title=\u00a0\u00bbEaux us\u00e9es\u00a0\u00bb section_height=\u00a0\u00bb250&Prime; bg_image=\u00a0\u00bbhttp:\/\/pmpvalve.com\/wp-content\/uploads\/2018\/03\/industry-3257263_1920.jpg\u00a0\u00bb bg_position=\u00a0\u00bbcenter bottom\u00a0\u00bb bg_repeat=\u00a0\u00bbno-repeat\u00a0\u00bb bg_stretch=\u00a0\u00bbtrue\u00a0\u00bb overlay=\u00a0\u00bbrgba(0,0,0,0.65)\u00a0\u00bb title_force_font_size=\u00a0\u00bbtrue\u00a0\u00bb title_size_smallscreen=\u00a0\u00bb45&Prime; title_size_tablet=\u00a0\u00bb35&Prime; title_size_phone=\u00a0\u00bb25&Prime; title_letter_spacing=\u00a0\u00bb2&Prime; font_color=\u00a0\u00bb#ffffff\u00a0\u00bb font_weight=\u00a0\u00bbbold\u00a0\u00bb el_class=\u00a0\u00bbcustom-title-box\u00a0\u00bb][\/vc_column][\/vc_row][vc_row el_class=\u00a0\u00bbcenter-y\u00a0\u00bb][vc_column][mk_padding_divider size=\u00a0\u00bb60&Prime;][vc_row_inner el_class=\u00a0\u00bbcenter-y\u00a0\u00bb][vc_column_inner width=\u00a0\u00bb4\/12&Prime;][mk_image src=\u00a0\u00bbhttp:\/\/pmpvalve.com\/wp-content\/uploads\/2018\/03\/valve-97&#215;300.png\u00a0\u00bb image_width=\u00a0\u00bb97&Prime; image_height=\u00a0\u00bb300&Prime; align=\u00a0\u00bbcenter\u00a0\u00bb][\/vc_column_inner][vc_column_inner width=\u00a0\u00bb8\/12&Prime;][mk_fancy_title color=\u00a0\u00bb#231f20&Prime; size=\u00a0\u00bb16&Prime; margin_bottom=\u00a0\u00bb0&Prime; font_family=\u00a0\u00bbnone\u00a0\u00bb]Notre s\u00e9rie de vannes \u00e0 guillotine Jash mono r\u00e9sout l\u2019un des principaux probl\u00e8mes de gestion des eaux us\u00e9es: Fuite \u00e0 l\u2019atmosph\u00e8re Pendant trop longtemps, [&hellip;]\" \/>\n<meta property=\"og:url\" content=\"https:\/\/pmpvalve.com\/fr\/eaux-usees\/\" \/>\n<meta property=\"og:site_name\" content=\"PMP Precision Valve Co. Ltd.\" \/>\n<meta property=\"article:publisher\" content=\"https:\/\/www.facebook.com\/PMP-Precision-Valve-473424296169531\" \/>\n<meta property=\"article:modified_time\" content=\"2018-04-14T05:04:22+00:00\" \/>\n<meta name=\"twitter:card\" content=\"summary_large_image\" \/>\n<meta name=\"twitter:label1\" content=\"Dur\u00e9e de lecture estim\u00e9e\" \/>\n\t<meta name=\"twitter:data1\" content=\"2 minutes\" \/>\n<script type=\"application\/ld+json\" class=\"yoast-schema-graph\">{\"@context\":\"https:\/\/schema.org\",\"@graph\":[{\"@type\":\"WebPage\",\"@id\":\"https:\/\/pmpvalve.com\/fr\/eaux-usees\/\",\"url\":\"https:\/\/pmpvalve.com\/fr\/eaux-usees\/\",\"name\":\"Eaux us\u00e9es - PMP Precision Valve Co. Ltd.\",\"isPartOf\":{\"@id\":\"https:\/\/pmpvalve.com\/fr\/#website\"},\"datePublished\":\"2018-04-14T05:00:45+00:00\",\"dateModified\":\"2018-04-14T05:04:22+00:00\",\"breadcrumb\":{\"@id\":\"https:\/\/pmpvalve.com\/fr\/eaux-usees\/#breadcrumb\"},\"inLanguage\":\"fr-FR\",\"potentialAction\":[{\"@type\":\"ReadAction\",\"target\":[\"https:\/\/pmpvalve.com\/fr\/eaux-usees\/\"]}]},{\"@type\":\"BreadcrumbList\",\"@id\":\"https:\/\/pmpvalve.com\/fr\/eaux-usees\/#breadcrumb\",\"itemListElement\":[{\"@type\":\"ListItem\",\"position\":1,\"name\":\"Home\",\"item\":\"https:\/\/pmpvalve.com\/fr\/\"},{\"@type\":\"ListItem\",\"position\":2,\"name\":\"Eaux us\u00e9es\"}]},{\"@type\":\"WebSite\",\"@id\":\"https:\/\/pmpvalve.com\/fr\/#website\",\"url\":\"https:\/\/pmpvalve.com\/fr\/\",\"name\":\"PMP Precision Valve Co. Ltd.\",\"description\":\"\",\"publisher\":{\"@id\":\"https:\/\/pmpvalve.com\/fr\/#organization\"},\"potentialAction\":[{\"@type\":\"SearchAction\",\"target\":{\"@type\":\"EntryPoint\",\"urlTemplate\":\"https:\/\/pmpvalve.com\/fr\/?s={search_term_string}\"},\"query-input\":{\"@type\":\"PropertyValueSpecification\",\"valueRequired\":true,\"valueName\":\"search_term_string\"}}],\"inLanguage\":\"fr-FR\"},{\"@type\":\"Organization\",\"@id\":\"https:\/\/pmpvalve.com\/fr\/#organization\",\"name\":\"PMP Precision Valve Co. Inc.\",\"url\":\"https:\/\/pmpvalve.com\/fr\/\",\"logo\":{\"@type\":\"ImageObject\",\"inLanguage\":\"fr-FR\",\"@id\":\"https:\/\/pmpvalve.com\/fr\/#\/schema\/logo\/image\/\",\"url\":\"http:\/\/pmpvalve.com\/wp-content\/uploads\/2018\/04\/pmp_logo.png\",\"contentUrl\":\"http:\/\/pmpvalve.com\/wp-content\/uploads\/2018\/04\/pmp_logo.png\",\"width\":250,\"height\":80,\"caption\":\"PMP Precision Valve Co. Inc.\"},\"image\":{\"@id\":\"https:\/\/pmpvalve.com\/fr\/#\/schema\/logo\/image\/\"},\"sameAs\":[\"https:\/\/www.facebook.com\/PMP-Precision-Valve-473424296169531\",\"https:\/\/ca.linkedin.com\/company\/pmp-precision-valve-co-ltd\"]}]}<\/script>\n<!-- \/ Yoast SEO plugin. -->","yoast_head_json":{"title":"Eaux us\u00e9es - PMP Precision Valve Co. Ltd.","robots":{"index":"index","follow":"follow","max-snippet":"max-snippet:-1","max-image-preview":"max-image-preview:large","max-video-preview":"max-video-preview:-1"},"canonical":"https:\/\/pmpvalve.com\/fr\/eaux-usees\/","og_locale":"fr_FR","og_type":"article","og_title":"Eaux us\u00e9es - PMP Precision Valve Co. Ltd.","og_description":"[vc_row fullwidth=\u00a0\u00bbtrue\u00a0\u00bb][vc_column][mk_page_title_box page_title=\u00a0\u00bbEaux us\u00e9es\u00a0\u00bb section_height=\u00a0\u00bb250&Prime; bg_image=\u00a0\u00bbhttp:\/\/pmpvalve.com\/wp-content\/uploads\/2018\/03\/industry-3257263_1920.jpg\u00a0\u00bb bg_position=\u00a0\u00bbcenter bottom\u00a0\u00bb bg_repeat=\u00a0\u00bbno-repeat\u00a0\u00bb bg_stretch=\u00a0\u00bbtrue\u00a0\u00bb overlay=\u00a0\u00bbrgba(0,0,0,0.65)\u00a0\u00bb title_force_font_size=\u00a0\u00bbtrue\u00a0\u00bb title_size_smallscreen=\u00a0\u00bb45&Prime; title_size_tablet=\u00a0\u00bb35&Prime; title_size_phone=\u00a0\u00bb25&Prime; title_letter_spacing=\u00a0\u00bb2&Prime; font_color=\u00a0\u00bb#ffffff\u00a0\u00bb font_weight=\u00a0\u00bbbold\u00a0\u00bb el_class=\u00a0\u00bbcustom-title-box\u00a0\u00bb][\/vc_column][\/vc_row][vc_row el_class=\u00a0\u00bbcenter-y\u00a0\u00bb][vc_column][mk_padding_divider size=\u00a0\u00bb60&Prime;][vc_row_inner el_class=\u00a0\u00bbcenter-y\u00a0\u00bb][vc_column_inner width=\u00a0\u00bb4\/12&Prime;][mk_image src=\u00a0\u00bbhttp:\/\/pmpvalve.com\/wp-content\/uploads\/2018\/03\/valve-97&#215;300.png\u00a0\u00bb image_width=\u00a0\u00bb97&Prime; image_height=\u00a0\u00bb300&Prime; align=\u00a0\u00bbcenter\u00a0\u00bb][\/vc_column_inner][vc_column_inner width=\u00a0\u00bb8\/12&Prime;][mk_fancy_title color=\u00a0\u00bb#231f20&Prime; size=\u00a0\u00bb16&Prime; margin_bottom=\u00a0\u00bb0&Prime; font_family=\u00a0\u00bbnone\u00a0\u00bb]Notre s\u00e9rie de vannes \u00e0 guillotine Jash mono r\u00e9sout l\u2019un des principaux probl\u00e8mes de gestion des eaux us\u00e9es: Fuite \u00e0 l\u2019atmosph\u00e8re Pendant trop longtemps, [&hellip;]","og_url":"https:\/\/pmpvalve.com\/fr\/eaux-usees\/","og_site_name":"PMP Precision Valve Co. Ltd.","article_publisher":"https:\/\/www.facebook.com\/PMP-Precision-Valve-473424296169531","article_modified_time":"2018-04-14T05:04:22+00:00","twitter_card":"summary_large_image","twitter_misc":{"Dur\u00e9e de lecture estim\u00e9e":"2 minutes"},"schema":{"@context":"https:\/\/schema.org","@graph":[{"@type":"WebPage","@id":"https:\/\/pmpvalve.com\/fr\/eaux-usees\/","url":"https:\/\/pmpvalve.com\/fr\/eaux-usees\/","name":"Eaux us\u00e9es - PMP Precision Valve Co. Ltd.","isPartOf":{"@id":"https:\/\/pmpvalve.com\/fr\/#website"},"datePublished":"2018-04-14T05:00:45+00:00","dateModified":"2018-04-14T05:04:22+00:00","breadcrumb":{"@id":"https:\/\/pmpvalve.com\/fr\/eaux-usees\/#breadcrumb"},"inLanguage":"fr-FR","potentialAction":[{"@type":"ReadAction","target":["https:\/\/pmpvalve.com\/fr\/eaux-usees\/"]}]},{"@type":"BreadcrumbList","@id":"https:\/\/pmpvalve.com\/fr\/eaux-usees\/#breadcrumb","itemListElement":[{"@type":"ListItem","position":1,"name":"Home","item":"https:\/\/pmpvalve.com\/fr\/"},{"@type":"ListItem","position":2,"name":"Eaux us\u00e9es"}]},{"@type":"WebSite","@id":"https:\/\/pmpvalve.com\/fr\/#website","url":"https:\/\/pmpvalve.com\/fr\/","name":"PMP Precision Valve Co. Ltd.","description":"","publisher":{"@id":"https:\/\/pmpvalve.com\/fr\/#organization"},"potentialAction":[{"@type":"SearchAction","target":{"@type":"EntryPoint","urlTemplate":"https:\/\/pmpvalve.com\/fr\/?s={search_term_string}"},"query-input":{"@type":"PropertyValueSpecification","valueRequired":true,"valueName":"search_term_string"}}],"inLanguage":"fr-FR"},{"@type":"Organization","@id":"https:\/\/pmpvalve.com\/fr\/#organization","name":"PMP Precision Valve Co. Inc.","url":"https:\/\/pmpvalve.com\/fr\/","logo":{"@type":"ImageObject","inLanguage":"fr-FR","@id":"https:\/\/pmpvalve.com\/fr\/#\/schema\/logo\/image\/","url":"http:\/\/pmpvalve.com\/wp-content\/uploads\/2018\/04\/pmp_logo.png","contentUrl":"http:\/\/pmpvalve.com\/wp-content\/uploads\/2018\/04\/pmp_logo.png","width":250,"height":80,"caption":"PMP Precision Valve Co. Inc."},"image":{"@id":"https:\/\/pmpvalve.com\/fr\/#\/schema\/logo\/image\/"},"sameAs":["https:\/\/www.facebook.com\/PMP-Precision-Valve-473424296169531","https:\/\/ca.linkedin.com\/company\/pmp-precision-valve-co-ltd"]}]}},"_links":{"self":[{"href":"https:\/\/pmpvalve.com\/fr\/wp-json\/wp\/v2\/pages\/503","targetHints":{"allow":["GET"]}}],"collection":[{"href":"https:\/\/pmpvalve.com\/fr\/wp-json\/wp\/v2\/pages"}],"about":[{"href":"https:\/\/pmpvalve.com\/fr\/wp-json\/wp\/v2\/types\/page"}],"author":[{"embeddable":true,"href":"https:\/\/pmpvalve.com\/fr\/wp-json\/wp\/v2\/users\/2"}],"replies":[{"embeddable":true,"href":"https:\/\/pmpvalve.com\/fr\/wp-json\/wp\/v2\/comments?post=503"}],"version-history":[{"count":2,"href":"https:\/\/pmpvalve.com\/fr\/wp-json\/wp\/v2\/pages\/503\/revisions"}],"predecessor-version":[{"id":506,"href":"https:\/\/pmpvalve.com\/fr\/wp-json\/wp\/v2\/pages\/503\/revisions\/506"}],"wp:attachment":[{"href":"https:\/\/pmpvalve.com\/fr\/wp-json\/wp\/v2\/media?parent=503"}],"curies":[{"name":"wp","href":"https:\/\/api.w.org\/{rel}","templated":true}]}}