{"id":507,"date":"2018-04-14T01:07:59","date_gmt":"2018-04-14T05:07:59","guid":{"rendered":"http:\/\/pmp2.cashin.ca\/?page_id=507"},"modified":"2018-04-16T00:24:26","modified_gmt":"2018-04-16T04:24:26","slug":"pate-et-papier","status":"publish","type":"page","link":"https:\/\/pmpvalve.com\/fr\/pate-et-papier\/","title":{"rendered":"P\u00e2te et papier"},"content":{"rendered":"<div class=\"wpb-content-wrapper\">[vc_row fullwidth=\u00a0\u00bbtrue\u00a0\u00bb][vc_column][mk_page_title_box page_title=\u00a0\u00bbP\u00e2te et papier\u00a0\u00bb section_height=\u00a0\u00bb250&Prime; bg_image=\u00a0\u00bbhttp:\/\/pmpvalve.com\/wp-content\/uploads\/2018\/03\/industry-3257263_1920.jpg\u00a0\u00bb bg_position=\u00a0\u00bbcenter bottom\u00a0\u00bb bg_repeat=\u00a0\u00bbno-repeat\u00a0\u00bb bg_stretch=\u00a0\u00bbtrue\u00a0\u00bb overlay=\u00a0\u00bbrgba(0,0,0,0.65)\u00a0\u00bb title_force_font_size=\u00a0\u00bbtrue\u00a0\u00bb title_size_smallscreen=\u00a0\u00bb45&Prime; title_size_tablet=\u00a0\u00bb35&Prime; title_size_phone=\u00a0\u00bb25&Prime; title_letter_spacing=\u00a0\u00bb2&Prime; font_color=\u00a0\u00bb#ffffff\u00a0\u00bb font_weight=\u00a0\u00bbbold\u00a0\u00bb el_class=\u00a0\u00bbcustom-title-box\u00a0\u00bb][\/vc_column][\/vc_row][vc_row][vc_column][mk_padding_divider size=\u00a0\u00bb60&Prime;][vc_row_inner el_class=\u00a0\u00bbcenter-y\u00a0\u00bb][vc_column_inner width=\u00a0\u00bb1\/2&Prime;][mk_image src=\u00a0\u00bbhttp:\/\/pmpvalve.com\/wp-content\/uploads\/2018\/04\/sealassembly_fr.png\u00a0\u00bb image_size=\u00a0\u00bbfull\u00a0\u00bb align=\u00a0\u00bbcenter\u00a0\u00bb][\/vc_column_inner][vc_column_inner width=\u00a0\u00bb5\/12&Prime;][mk_fancy_title color=\u00a0\u00bb#231f20&Prime; size=\u00a0\u00bb16&Prime; margin_bottom=\u00a0\u00bb0&Prime; font_family=\u00a0\u00bbnone\u00a0\u00bb]Notre s\u00e9rie de vannes \u00e0 guillotine mono Jash incorpore une porte \u00e0 couteau circulaire innovante usin\u00e9e avec pr\u00e9cision sur toute la circonf\u00e9rence. Cela signifie qu\u2019il coupe les solides lors de l\u2019ouverture et de la fermeture.[\/mk_fancy_title][\/vc_column_inner][\/vc_row_inner][mk_padding_divider][\/vc_column][\/vc_row][mk_page_section bg_image=\u00a0\u00bbhttp:\/\/pmpvalve.com\/wp-content\/uploads\/2018\/04\/pulp-paper-1.jpg\u00a0\u00bb bg_position=\u00a0\u00bbcenter center\u00a0\u00bb bg_repeat=\u00a0\u00bbno-repeat\u00a0\u00bb bg_stretch=\u00a0\u00bbtrue\u00a0\u00bb min_height=\u00a0\u00bb560&Prime; js_vertical_centered=\u00a0\u00bbtrue\u00a0\u00bb el_class=\u00a0\u00bbhome-page-sec\u00a0\u00bb sidebar=\u00a0\u00bbsidebar-1&Prime;][vc_column][mk_custom_box el_class=\u00a0\u00bbhome-custom-box\u00a0\u00bb bg_color=\u00a0\u00bb#ffffff\u00a0\u00bb][mk_fancy_title color=\u00a0\u00bb#1f457d\u00a0\u00bb size=\u00a0\u00bb30&Prime; font_weight=\u00a0\u00bbbold\u00a0\u00bb txt_transform=\u00a0\u00bbuppercase\u00a0\u00bb margin_bottom=\u00a0\u00bb0&Prime; font_family=\u00a0\u00bbnone\u00a0\u00bb el_class=\u00a0\u00bbhidden-img\u00a0\u00bb]About Us[\/mk_fancy_title][mk_fancy_title color=\u00a0\u00bb#231f20&Prime; size=\u00a0\u00bb16&Prime; margin_bottom=\u00a0\u00bb0&Prime; font_family=\u00a0\u00bbnone\u00a0\u00bb]L\u2019industrie mondiale des p\u00e2tes et papiers produit pr\u00e8s de 380 millions de tonnes de papier et carton par an. Les vannes utilis\u00e9es dans le proc\u00e9d\u00e9 apportent leurs propres d\u00e9fis sp\u00e9ciaux pour les moyennes et basses densit\u00e9s. Notre joint torique est prot\u00e9g\u00e9 par deux bagues de raclage en laiton pour \u00e9viter d\u2019endommager le syst\u00e8me d\u2019\u00e9tanch\u00e9it\u00e9 par des solides ou d\u2019autres produits toxiques. La porte reste dans le bo\u00eetier de la vanne (capot) lorsqu\u2019elle est compl\u00e8tement ouverte, \u00e9liminant ainsi les fuites de boues, de gaz ou de produits chimiques dans l\u2019atmosph\u00e8re.[\/mk_fancy_title][mk_button dimension=\u00a0\u00bbflat\u00a0\u00bb size=\u00a0\u00bbmedium\u00a0\u00bb icon=\u00a0\u00bbmk-icon-angle-double-right\u00a0\u00bb icon_anim=\u00a0\u00bbside\u00a0\u00bb url=\u00a0\u00bb#\u00a0\u00bb el_class=\u00a0\u00bbhidden-img\u00a0\u00bb bg_color=\u00a0\u00bb#1f457d\u00a0\u00bb btn_hover_bg=\u00a0\u00bb#c33d4f\u00a0\u00bb btn_hover_txt_color=\u00a0\u00bb#ffffff\u00a0\u00bb]Continue Reading[\/mk_button][\/mk_custom_box][\/vc_column][\/mk_page_section][vc_row el_class=\u00a0\u00bbhidden-img\u00a0\u00bb][vc_column][mk_image src=\u00a0\u00bbhttp:\/\/pmpvalve.com\/wp-content\/uploads\/2018\/03\/sealassembly.png\u00a0\u00bb image_size=\u00a0\u00bbfull\u00a0\u00bb align=\u00a0\u00bbcenter\u00a0\u00bb][mk_padding_divider][\/vc_column][\/vc_row]\n<\/div>","protected":false},"excerpt":{"rendered":"<p>[vc_row fullwidth=\u00a0\u00bbtrue\u00a0\u00bb][vc_column][mk_page_title_box page_title=\u00a0\u00bbP\u00e2te et papier\u00a0\u00bb section_height=\u00a0\u00bb250&Prime; bg_image=\u00a0\u00bbhttp:\/\/pmpvalve.com\/wp-content\/uploads\/2018\/03\/industry-3257263_1920.jpg\u00a0\u00bb bg_position=\u00a0\u00bbcenter bottom\u00a0\u00bb bg_repeat=\u00a0\u00bbno-repeat\u00a0\u00bb bg_stretch=\u00a0\u00bbtrue\u00a0\u00bb overlay=\u00a0\u00bbrgba(0,0,0,0.65)\u00a0\u00bb title_force_font_size=\u00a0\u00bbtrue\u00a0\u00bb title_size_smallscreen=\u00a0\u00bb45&Prime; title_size_tablet=\u00a0\u00bb35&Prime; title_size_phone=\u00a0\u00bb25&Prime; title_letter_spacing=\u00a0\u00bb2&Prime; font_color=\u00a0\u00bb#ffffff\u00a0\u00bb font_weight=\u00a0\u00bbbold\u00a0\u00bb el_class=\u00a0\u00bbcustom-title-box\u00a0\u00bb][\/vc_column][\/vc_row][vc_row][vc_column][mk_padding_divider size=\u00a0\u00bb60&Prime;][vc_row_inner el_class=\u00a0\u00bbcenter-y\u00a0\u00bb][vc_column_inner width=\u00a0\u00bb1\/2&Prime;][mk_image src=\u00a0\u00bbhttp:\/\/pmpvalve.com\/wp-content\/uploads\/2018\/04\/sealassembly_fr.png\u00a0\u00bb image_size=\u00a0\u00bbfull\u00a0\u00bb align=\u00a0\u00bbcenter\u00a0\u00bb][\/vc_column_inner][vc_column_inner width=\u00a0\u00bb5\/12&Prime;][mk_fancy_title color=\u00a0\u00bb#231f20&Prime; size=\u00a0\u00bb16&Prime; margin_bottom=\u00a0\u00bb0&Prime; font_family=\u00a0\u00bbnone\u00a0\u00bb]Notre s\u00e9rie de vannes \u00e0 guillotine mono Jash incorpore une porte \u00e0 couteau circulaire innovante usin\u00e9e avec pr\u00e9cision sur toute la circonf\u00e9rence. Cela signifie qu\u2019il [&hellip;]<\/p>\n","protected":false},"author":2,"featured_media":0,"parent":0,"menu_order":4,"comment_status":"closed","ping_status":"closed","template":"","meta":{"footnotes":""},"class_list":["post-507","page","type-page","status-publish","hentry"],"yoast_head":"<!-- This site is optimized with the Yoast SEO plugin v27.2 - https:\/\/yoast.com\/product\/yoast-seo-wordpress\/ -->\n<title>P\u00e2te et papier - PMP Precision Valve Co. Ltd.<\/title>\n<meta name=\"robots\" content=\"index, follow, max-snippet:-1, max-image-preview:large, max-video-preview:-1\" \/>\n<link rel=\"canonical\" href=\"https:\/\/pmpvalve.com\/fr\/pate-et-papier\/\" \/>\n<meta property=\"og:locale\" content=\"fr_FR\" \/>\n<meta property=\"og:type\" content=\"article\" \/>\n<meta property=\"og:title\" content=\"P\u00e2te et papier - PMP Precision Valve Co. Ltd.\" \/>\n<meta property=\"og:description\" content=\"[vc_row fullwidth=\u00a0\u00bbtrue\u00a0\u00bb][vc_column][mk_page_title_box page_title=\u00a0\u00bbP\u00e2te et papier\u00a0\u00bb section_height=\u00a0\u00bb250&Prime; bg_image=\u00a0\u00bbhttp:\/\/pmpvalve.com\/wp-content\/uploads\/2018\/03\/industry-3257263_1920.jpg\u00a0\u00bb bg_position=\u00a0\u00bbcenter bottom\u00a0\u00bb bg_repeat=\u00a0\u00bbno-repeat\u00a0\u00bb bg_stretch=\u00a0\u00bbtrue\u00a0\u00bb overlay=\u00a0\u00bbrgba(0,0,0,0.65)\u00a0\u00bb title_force_font_size=\u00a0\u00bbtrue\u00a0\u00bb title_size_smallscreen=\u00a0\u00bb45&Prime; title_size_tablet=\u00a0\u00bb35&Prime; title_size_phone=\u00a0\u00bb25&Prime; title_letter_spacing=\u00a0\u00bb2&Prime; font_color=\u00a0\u00bb#ffffff\u00a0\u00bb font_weight=\u00a0\u00bbbold\u00a0\u00bb el_class=\u00a0\u00bbcustom-title-box\u00a0\u00bb][\/vc_column][\/vc_row][vc_row][vc_column][mk_padding_divider size=\u00a0\u00bb60&Prime;][vc_row_inner el_class=\u00a0\u00bbcenter-y\u00a0\u00bb][vc_column_inner width=\u00a0\u00bb1\/2&Prime;][mk_image src=\u00a0\u00bbhttp:\/\/pmpvalve.com\/wp-content\/uploads\/2018\/04\/sealassembly_fr.png\u00a0\u00bb image_size=\u00a0\u00bbfull\u00a0\u00bb align=\u00a0\u00bbcenter\u00a0\u00bb][\/vc_column_inner][vc_column_inner width=\u00a0\u00bb5\/12&Prime;][mk_fancy_title color=\u00a0\u00bb#231f20&Prime; size=\u00a0\u00bb16&Prime; margin_bottom=\u00a0\u00bb0&Prime; font_family=\u00a0\u00bbnone\u00a0\u00bb]Notre s\u00e9rie de vannes \u00e0 guillotine mono Jash incorpore une porte \u00e0 couteau circulaire innovante usin\u00e9e avec pr\u00e9cision sur toute la circonf\u00e9rence. Cela signifie qu\u2019il [&hellip;]\" \/>\n<meta property=\"og:url\" content=\"https:\/\/pmpvalve.com\/fr\/pate-et-papier\/\" \/>\n<meta property=\"og:site_name\" content=\"PMP Precision Valve Co. Ltd.\" \/>\n<meta property=\"article:publisher\" content=\"https:\/\/www.facebook.com\/PMP-Precision-Valve-473424296169531\" \/>\n<meta property=\"article:modified_time\" content=\"2018-04-16T04:24:26+00:00\" \/>\n<meta name=\"twitter:card\" content=\"summary_large_image\" \/>\n<meta name=\"twitter:label1\" content=\"Dur\u00e9e de lecture estim\u00e9e\" \/>\n\t<meta name=\"twitter:data1\" content=\"2 minutes\" \/>\n<script type=\"application\/ld+json\" class=\"yoast-schema-graph\">{\"@context\":\"https:\/\/schema.org\",\"@graph\":[{\"@type\":\"WebPage\",\"@id\":\"https:\/\/pmpvalve.com\/fr\/pate-et-papier\/\",\"url\":\"https:\/\/pmpvalve.com\/fr\/pate-et-papier\/\",\"name\":\"P\u00e2te et papier - PMP Precision Valve Co. Ltd.\",\"isPartOf\":{\"@id\":\"https:\/\/pmpvalve.com\/fr\/#website\"},\"datePublished\":\"2018-04-14T05:07:59+00:00\",\"dateModified\":\"2018-04-16T04:24:26+00:00\",\"breadcrumb\":{\"@id\":\"https:\/\/pmpvalve.com\/fr\/pate-et-papier\/#breadcrumb\"},\"inLanguage\":\"fr-FR\",\"potentialAction\":[{\"@type\":\"ReadAction\",\"target\":[\"https:\/\/pmpvalve.com\/fr\/pate-et-papier\/\"]}]},{\"@type\":\"BreadcrumbList\",\"@id\":\"https:\/\/pmpvalve.com\/fr\/pate-et-papier\/#breadcrumb\",\"itemListElement\":[{\"@type\":\"ListItem\",\"position\":1,\"name\":\"Home\",\"item\":\"https:\/\/pmpvalve.com\/fr\/\"},{\"@type\":\"ListItem\",\"position\":2,\"name\":\"P\u00e2te et papier\"}]},{\"@type\":\"WebSite\",\"@id\":\"https:\/\/pmpvalve.com\/fr\/#website\",\"url\":\"https:\/\/pmpvalve.com\/fr\/\",\"name\":\"PMP Precision Valve Co. Ltd.\",\"description\":\"\",\"publisher\":{\"@id\":\"https:\/\/pmpvalve.com\/fr\/#organization\"},\"potentialAction\":[{\"@type\":\"SearchAction\",\"target\":{\"@type\":\"EntryPoint\",\"urlTemplate\":\"https:\/\/pmpvalve.com\/fr\/?s={search_term_string}\"},\"query-input\":{\"@type\":\"PropertyValueSpecification\",\"valueRequired\":true,\"valueName\":\"search_term_string\"}}],\"inLanguage\":\"fr-FR\"},{\"@type\":\"Organization\",\"@id\":\"https:\/\/pmpvalve.com\/fr\/#organization\",\"name\":\"PMP Precision Valve Co. Inc.\",\"url\":\"https:\/\/pmpvalve.com\/fr\/\",\"logo\":{\"@type\":\"ImageObject\",\"inLanguage\":\"fr-FR\",\"@id\":\"https:\/\/pmpvalve.com\/fr\/#\/schema\/logo\/image\/\",\"url\":\"http:\/\/pmpvalve.com\/wp-content\/uploads\/2018\/04\/pmp_logo.png\",\"contentUrl\":\"http:\/\/pmpvalve.com\/wp-content\/uploads\/2018\/04\/pmp_logo.png\",\"width\":250,\"height\":80,\"caption\":\"PMP Precision Valve Co. Inc.\"},\"image\":{\"@id\":\"https:\/\/pmpvalve.com\/fr\/#\/schema\/logo\/image\/\"},\"sameAs\":[\"https:\/\/www.facebook.com\/PMP-Precision-Valve-473424296169531\",\"https:\/\/ca.linkedin.com\/company\/pmp-precision-valve-co-ltd\"]}]}<\/script>\n<!-- \/ Yoast SEO plugin. -->","yoast_head_json":{"title":"P\u00e2te et papier - PMP Precision Valve Co. Ltd.","robots":{"index":"index","follow":"follow","max-snippet":"max-snippet:-1","max-image-preview":"max-image-preview:large","max-video-preview":"max-video-preview:-1"},"canonical":"https:\/\/pmpvalve.com\/fr\/pate-et-papier\/","og_locale":"fr_FR","og_type":"article","og_title":"P\u00e2te et papier - PMP Precision Valve Co. Ltd.","og_description":"[vc_row fullwidth=\u00a0\u00bbtrue\u00a0\u00bb][vc_column][mk_page_title_box page_title=\u00a0\u00bbP\u00e2te et papier\u00a0\u00bb section_height=\u00a0\u00bb250&Prime; bg_image=\u00a0\u00bbhttp:\/\/pmpvalve.com\/wp-content\/uploads\/2018\/03\/industry-3257263_1920.jpg\u00a0\u00bb bg_position=\u00a0\u00bbcenter bottom\u00a0\u00bb bg_repeat=\u00a0\u00bbno-repeat\u00a0\u00bb bg_stretch=\u00a0\u00bbtrue\u00a0\u00bb overlay=\u00a0\u00bbrgba(0,0,0,0.65)\u00a0\u00bb title_force_font_size=\u00a0\u00bbtrue\u00a0\u00bb title_size_smallscreen=\u00a0\u00bb45&Prime; title_size_tablet=\u00a0\u00bb35&Prime; title_size_phone=\u00a0\u00bb25&Prime; title_letter_spacing=\u00a0\u00bb2&Prime; font_color=\u00a0\u00bb#ffffff\u00a0\u00bb font_weight=\u00a0\u00bbbold\u00a0\u00bb el_class=\u00a0\u00bbcustom-title-box\u00a0\u00bb][\/vc_column][\/vc_row][vc_row][vc_column][mk_padding_divider size=\u00a0\u00bb60&Prime;][vc_row_inner el_class=\u00a0\u00bbcenter-y\u00a0\u00bb][vc_column_inner width=\u00a0\u00bb1\/2&Prime;][mk_image src=\u00a0\u00bbhttp:\/\/pmpvalve.com\/wp-content\/uploads\/2018\/04\/sealassembly_fr.png\u00a0\u00bb image_size=\u00a0\u00bbfull\u00a0\u00bb align=\u00a0\u00bbcenter\u00a0\u00bb][\/vc_column_inner][vc_column_inner width=\u00a0\u00bb5\/12&Prime;][mk_fancy_title color=\u00a0\u00bb#231f20&Prime; size=\u00a0\u00bb16&Prime; margin_bottom=\u00a0\u00bb0&Prime; font_family=\u00a0\u00bbnone\u00a0\u00bb]Notre s\u00e9rie de vannes \u00e0 guillotine mono Jash incorpore une porte \u00e0 couteau circulaire innovante usin\u00e9e avec pr\u00e9cision sur toute la circonf\u00e9rence. Cela signifie qu\u2019il [&hellip;]","og_url":"https:\/\/pmpvalve.com\/fr\/pate-et-papier\/","og_site_name":"PMP Precision Valve Co. Ltd.","article_publisher":"https:\/\/www.facebook.com\/PMP-Precision-Valve-473424296169531","article_modified_time":"2018-04-16T04:24:26+00:00","twitter_card":"summary_large_image","twitter_misc":{"Dur\u00e9e de lecture estim\u00e9e":"2 minutes"},"schema":{"@context":"https:\/\/schema.org","@graph":[{"@type":"WebPage","@id":"https:\/\/pmpvalve.com\/fr\/pate-et-papier\/","url":"https:\/\/pmpvalve.com\/fr\/pate-et-papier\/","name":"P\u00e2te et papier - PMP Precision Valve Co. Ltd.","isPartOf":{"@id":"https:\/\/pmpvalve.com\/fr\/#website"},"datePublished":"2018-04-14T05:07:59+00:00","dateModified":"2018-04-16T04:24:26+00:00","breadcrumb":{"@id":"https:\/\/pmpvalve.com\/fr\/pate-et-papier\/#breadcrumb"},"inLanguage":"fr-FR","potentialAction":[{"@type":"ReadAction","target":["https:\/\/pmpvalve.com\/fr\/pate-et-papier\/"]}]},{"@type":"BreadcrumbList","@id":"https:\/\/pmpvalve.com\/fr\/pate-et-papier\/#breadcrumb","itemListElement":[{"@type":"ListItem","position":1,"name":"Home","item":"https:\/\/pmpvalve.com\/fr\/"},{"@type":"ListItem","position":2,"name":"P\u00e2te et papier"}]},{"@type":"WebSite","@id":"https:\/\/pmpvalve.com\/fr\/#website","url":"https:\/\/pmpvalve.com\/fr\/","name":"PMP Precision Valve Co. Ltd.","description":"","publisher":{"@id":"https:\/\/pmpvalve.com\/fr\/#organization"},"potentialAction":[{"@type":"SearchAction","target":{"@type":"EntryPoint","urlTemplate":"https:\/\/pmpvalve.com\/fr\/?s={search_term_string}"},"query-input":{"@type":"PropertyValueSpecification","valueRequired":true,"valueName":"search_term_string"}}],"inLanguage":"fr-FR"},{"@type":"Organization","@id":"https:\/\/pmpvalve.com\/fr\/#organization","name":"PMP Precision Valve Co. Inc.","url":"https:\/\/pmpvalve.com\/fr\/","logo":{"@type":"ImageObject","inLanguage":"fr-FR","@id":"https:\/\/pmpvalve.com\/fr\/#\/schema\/logo\/image\/","url":"http:\/\/pmpvalve.com\/wp-content\/uploads\/2018\/04\/pmp_logo.png","contentUrl":"http:\/\/pmpvalve.com\/wp-content\/uploads\/2018\/04\/pmp_logo.png","width":250,"height":80,"caption":"PMP Precision Valve Co. Inc."},"image":{"@id":"https:\/\/pmpvalve.com\/fr\/#\/schema\/logo\/image\/"},"sameAs":["https:\/\/www.facebook.com\/PMP-Precision-Valve-473424296169531","https:\/\/ca.linkedin.com\/company\/pmp-precision-valve-co-ltd"]}]}},"_links":{"self":[{"href":"https:\/\/pmpvalve.com\/fr\/wp-json\/wp\/v2\/pages\/507","targetHints":{"allow":["GET"]}}],"collection":[{"href":"https:\/\/pmpvalve.com\/fr\/wp-json\/wp\/v2\/pages"}],"about":[{"href":"https:\/\/pmpvalve.com\/fr\/wp-json\/wp\/v2\/types\/page"}],"author":[{"embeddable":true,"href":"https:\/\/pmpvalve.com\/fr\/wp-json\/wp\/v2\/users\/2"}],"replies":[{"embeddable":true,"href":"https:\/\/pmpvalve.com\/fr\/wp-json\/wp\/v2\/comments?post=507"}],"version-history":[{"count":5,"href":"https:\/\/pmpvalve.com\/fr\/wp-json\/wp\/v2\/pages\/507\/revisions"}],"predecessor-version":[{"id":546,"href":"https:\/\/pmpvalve.com\/fr\/wp-json\/wp\/v2\/pages\/507\/revisions\/546"}],"wp:attachment":[{"href":"https:\/\/pmpvalve.com\/fr\/wp-json\/wp\/v2\/media?parent=507"}],"curies":[{"name":"wp","href":"https:\/\/api.w.org\/{rel}","templated":true}]}}