{"id":512,"date":"2018-04-14T01:17:01","date_gmt":"2018-04-14T05:17:01","guid":{"rendered":"http:\/\/pmp2.cashin.ca\/?page_id=512"},"modified":"2018-04-14T01:18:55","modified_gmt":"2018-04-14T05:18:55","slug":"autres-industries","status":"publish","type":"page","link":"https:\/\/pmpvalve.com\/fr\/autres-industries\/","title":{"rendered":"Autres industries"},"content":{"rendered":"<div class=\"wpb-content-wrapper\">[vc_row fullwidth=\u00a0\u00bbtrue\u00a0\u00bb][vc_column][mk_page_title_box page_title=\u00a0\u00bbAutres industries\u00a0\u00bb section_height=\u00a0\u00bb250&Prime; bg_image=\u00a0\u00bbhttp:\/\/pmpvalve.com\/wp-content\/uploads\/2018\/03\/industry-3257263_1920.jpg\u00a0\u00bb bg_position=\u00a0\u00bbcenter bottom\u00a0\u00bb bg_repeat=\u00a0\u00bbno-repeat\u00a0\u00bb bg_stretch=\u00a0\u00bbtrue\u00a0\u00bb overlay=\u00a0\u00bbrgba(0,0,0,0.65)\u00a0\u00bb title_force_font_size=\u00a0\u00bbtrue\u00a0\u00bb title_size_smallscreen=\u00a0\u00bb45&Prime; title_size_tablet=\u00a0\u00bb35&Prime; title_size_phone=\u00a0\u00bb25&Prime; title_letter_spacing=\u00a0\u00bb2&Prime; font_color=\u00a0\u00bb#ffffff\u00a0\u00bb font_weight=\u00a0\u00bbbold\u00a0\u00bb el_class=\u00a0\u00bbcustom-title-box\u00a0\u00bb][\/vc_column][\/vc_row][vc_row][vc_column][mk_padding_divider size=\u00a0\u00bb60&Prime;][vc_row_inner el_class=\u00a0\u00bbcenter-y\u00a0\u00bb][vc_column_inner width=\u00a0\u00bb4\/12&Prime;][mk_image src=\u00a0\u00bbhttp:\/\/pmpvalve.com\/wp-content\/uploads\/2018\/03\/valve-97&#215;300.png\u00a0\u00bb image_width=\u00a0\u00bb97&Prime; image_height=\u00a0\u00bb300&Prime; align=\u00a0\u00bbcenter\u00a0\u00bb][\/vc_column_inner][vc_column_inner width=\u00a0\u00bb8\/12&Prime;][mk_fancy_title color=\u00a0\u00bb#335099&Prime; size=\u00a0\u00bb26&Prime; txt_transform=\u00a0\u00bbcapitalize\u00a0\u00bb margin_bottom=\u00a0\u00bb0&Prime; font_family=\u00a0\u00bbnone\u00a0\u00bb el_class=\u00a0\u00bbcustom-fancy-headding\u00a0\u00bb]Notre s\u00e9rie Jash mono de vannes \u00e0 guillotine peut \u00eatre configur\u00e9e pour une utilisation dans de nombreuses industries :[\/mk_fancy_title][mk_fancy_title color=\u00a0\u00bb#231f20&Prime; size=\u00a0\u00bb16&Prime; margin_bottom=\u00a0\u00bb0&Prime; font_family=\u00a0\u00bbnone\u00a0\u00bb]\n<ul>\n<li>Nourriture et boisson<\/li>\n<li>P\u00e9trole et gaz<\/li>\n<li>La production d\u2019\u00e9nergie<\/li>\n<li>Manutention en vrac<\/li>\n<\/ul>\n[\/mk_fancy_title][\/vc_column_inner][\/vc_row_inner][mk_padding_divider][\/vc_column][\/vc_row][vc_row fullwidth=\u00a0\u00bbtrue\u00a0\u00bb][vc_column][mk_gallery images=\u00a0\u00bb439,389,385,383&Prime; column=\u00a0\u00bb4&Prime; height=\u00a0\u00bb252&Prime; hover_scenarios=\u00a0\u00bbslow_zoom\u00a0\u00bb item_spacing=\u00a0\u00bb0&Prime; order=\u00a0\u00bbDESC\u00a0\u00bb orderby=\u00a0\u00bbpost__in\u00a0\u00bb][\/vc_column][\/vc_row][mk_page_section bg_color=\u00a0\u00bb#ffffff\u00a0\u00bb bg_stretch=\u00a0\u00bbtrue\u00a0\u00bb sidebar=\u00a0\u00bbsidebar-1&Prime;][vc_column][mk_padding_divider][mk_fancy_title color=\u00a0\u00bb#335099&Prime; size=\u00a0\u00bb26&Prime; txt_transform=\u00a0\u00bbcapitalize\u00a0\u00bb margin_bottom=\u00a0\u00bb0&Prime; font_family=\u00a0\u00bbnone\u00a0\u00bb el_class=\u00a0\u00bbcustom-fancy-headding\u00a0\u00bb]Consid\u00e9rez ces fonctionnalit\u00e9s innovantes:[\/mk_fancy_title][vc_column_text css=\u00a0\u00bb.vc_custom_1523682944982{margin-bottom: 0px !important;}\u00a0\u00bb]\n<ul class=\"pmp-feature-list\">\n<li>La conception unique de la porte flottante permet une ouverture et une fermeture sans effort.<\/li>\n<li>La vari\u00e9t\u00e9 des mat\u00e9riaux de si\u00e8ges offre de la flexibilit\u00e9 pour des applications sp\u00e9cifiques :\n<ul class=\"pmp-inline-list\">\n<li>Buna-N\u00a0\u00a0\u00a0 EPDM\u00a0\u00a0\u00a0 Viton\u00a0\u00a0\u00a0 PTFE<\/li>\n<\/ul>\n<\/li>\n<li>Tige en acier inoxydable r\u00e9sistant \u00e0 la corrosion avec des pas de pas importants pour :\n<ul class=\"pmp-feature-list\">\n<li>Couples de fonctionnement faibles r\u00e9duisant les tailles des actionneurs pour les services de modulation tout ou rien.<\/li>\n<li>Les op\u00e9rateurs \u00e0 engrenages manuels ne sont pas requis pour les tailles de vannes jusqu\u2019\u00e0 24 pouces.<\/li>\n<\/ul>\n<\/li>\n<li>Des tiges montantes et non montantes sont disponibles<\/li>\n<li>Les ports de purge offrent une flexibilit\u00e9 pour purger la cavit\u00e9 thoracique du corps peut \u00eatre utilis\u00e9 pour surveiller la pression<\/li>\n<li>Les inserts V-Port sont disponibles pour les applications de contr\u00f4le avec des actionneurs \u00e9lectriques ou pneumatiques<\/li>\n<\/ul>\n[\/vc_column_text][mk_padding_divider size=\u00a0\u00bb30&Prime;][\/vc_column][\/mk_page_section][mk_page_section bg_color=\u00a0\u00bb#f4f4f4&Prime; bg_stretch=\u00a0\u00bbtrue\u00a0\u00bb sidebar=\u00a0\u00bbsidebar-1&Prime;][vc_column][mk_padding_divider][mk_fancy_title color=\u00a0\u00bb#335099&Prime; size=\u00a0\u00bb26&Prime; txt_transform=\u00a0\u00bbcapitalize\u00a0\u00bb margin_bottom=\u00a0\u00bb0&Prime; font_family=\u00a0\u00bbnone\u00a0\u00bb el_class=\u00a0\u00bbcustom-fancy-headding\u00a0\u00bb]Notre s\u00e9rie de vannes \u00e0 guillotine Jash mono dispose d\u2019un large choix d\u2019accessoires optionnels :[\/mk_fancy_title][vc_column_text css=\u00a0\u00bb.vc_custom_1523683015071{margin-bottom: 0px !important;}\u00a0\u00bb]\n<ul class=\"pmp-feature-list\">\n<li>Op\u00e9rateurs manuels d\u2019engrenages coniques AWWA<\/li>\n<li>Rallonges d\u2019arbre, supports de sol, supports muraux<\/li>\n<li>C\u00f4nes de d\u00e9flexion pour applications en suspension et abrasives<\/li>\n<li>Actionneurs pneumatiques, hydrauliques et \u00e9lectriques pour des services de modulation on-off<\/li>\n<li>Electrovannes, commandes de vitesse<\/li>\n<li>Op\u00e9rateurs de roue \u00e0 cha\u00eenes, leviers \u00e0 ouverture rapide<\/li>\n<\/ul>\n[\/vc_column_text][mk_padding_divider size=\u00a0\u00bb30&Prime;][\/vc_column][\/mk_page_section]\n<\/div>","protected":false},"excerpt":{"rendered":"<p>[vc_row fullwidth=\u00a0\u00bbtrue\u00a0\u00bb][vc_column][mk_page_title_box page_title=\u00a0\u00bbAutres industries\u00a0\u00bb section_height=\u00a0\u00bb250&Prime; bg_image=\u00a0\u00bbhttp:\/\/pmpvalve.com\/wp-content\/uploads\/2018\/03\/industry-3257263_1920.jpg\u00a0\u00bb bg_position=\u00a0\u00bbcenter bottom\u00a0\u00bb bg_repeat=\u00a0\u00bbno-repeat\u00a0\u00bb bg_stretch=\u00a0\u00bbtrue\u00a0\u00bb overlay=\u00a0\u00bbrgba(0,0,0,0.65)\u00a0\u00bb title_force_font_size=\u00a0\u00bbtrue\u00a0\u00bb title_size_smallscreen=\u00a0\u00bb45&Prime; title_size_tablet=\u00a0\u00bb35&Prime; title_size_phone=\u00a0\u00bb25&Prime; title_letter_spacing=\u00a0\u00bb2&Prime; font_color=\u00a0\u00bb#ffffff\u00a0\u00bb font_weight=\u00a0\u00bbbold\u00a0\u00bb el_class=\u00a0\u00bbcustom-title-box\u00a0\u00bb][\/vc_column][\/vc_row][vc_row][vc_column][mk_padding_divider size=\u00a0\u00bb60&Prime;][vc_row_inner el_class=\u00a0\u00bbcenter-y\u00a0\u00bb][vc_column_inner width=\u00a0\u00bb4\/12&Prime;][mk_image src=\u00a0\u00bbhttp:\/\/pmpvalve.com\/wp-content\/uploads\/2018\/03\/valve-97&#215;300.png\u00a0\u00bb image_width=\u00a0\u00bb97&Prime; image_height=\u00a0\u00bb300&Prime; align=\u00a0\u00bbcenter\u00a0\u00bb][\/vc_column_inner][vc_column_inner width=\u00a0\u00bb8\/12&Prime;][mk_fancy_title color=\u00a0\u00bb#335099&Prime; size=\u00a0\u00bb26&Prime; txt_transform=\u00a0\u00bbcapitalize\u00a0\u00bb margin_bottom=\u00a0\u00bb0&Prime; font_family=\u00a0\u00bbnone\u00a0\u00bb el_class=\u00a0\u00bbcustom-fancy-headding\u00a0\u00bb]Notre s\u00e9rie Jash mono de vannes \u00e0 guillotine peut \u00eatre configur\u00e9e pour une utilisation dans de nombreuses industries :[\/mk_fancy_title][mk_fancy_title color=\u00a0\u00bb#231f20&Prime; size=\u00a0\u00bb16&Prime; margin_bottom=\u00a0\u00bb0&Prime; font_family=\u00a0\u00bbnone\u00a0\u00bb] [&hellip;]<\/p>\n","protected":false},"author":2,"featured_media":0,"parent":0,"menu_order":5,"comment_status":"closed","ping_status":"closed","template":"","meta":{"footnotes":""},"class_list":["post-512","page","type-page","status-publish","hentry"],"yoast_head":"<!-- This site is optimized with the Yoast SEO plugin v27.2 - https:\/\/yoast.com\/product\/yoast-seo-wordpress\/ -->\n<title>Autres industries - PMP Precision Valve Co. Ltd.<\/title>\n<meta name=\"robots\" content=\"index, follow, max-snippet:-1, max-image-preview:large, max-video-preview:-1\" \/>\n<link rel=\"canonical\" href=\"https:\/\/pmpvalve.com\/fr\/autres-industries\/\" \/>\n<meta property=\"og:locale\" content=\"fr_FR\" \/>\n<meta property=\"og:type\" content=\"article\" \/>\n<meta property=\"og:title\" content=\"Autres industries - PMP Precision Valve Co. Ltd.\" \/>\n<meta property=\"og:description\" content=\"[vc_row fullwidth=\u00a0\u00bbtrue\u00a0\u00bb][vc_column][mk_page_title_box page_title=\u00a0\u00bbAutres industries\u00a0\u00bb section_height=\u00a0\u00bb250&Prime; bg_image=\u00a0\u00bbhttp:\/\/pmpvalve.com\/wp-content\/uploads\/2018\/03\/industry-3257263_1920.jpg\u00a0\u00bb bg_position=\u00a0\u00bbcenter bottom\u00a0\u00bb bg_repeat=\u00a0\u00bbno-repeat\u00a0\u00bb bg_stretch=\u00a0\u00bbtrue\u00a0\u00bb overlay=\u00a0\u00bbrgba(0,0,0,0.65)\u00a0\u00bb title_force_font_size=\u00a0\u00bbtrue\u00a0\u00bb title_size_smallscreen=\u00a0\u00bb45&Prime; title_size_tablet=\u00a0\u00bb35&Prime; title_size_phone=\u00a0\u00bb25&Prime; title_letter_spacing=\u00a0\u00bb2&Prime; font_color=\u00a0\u00bb#ffffff\u00a0\u00bb font_weight=\u00a0\u00bbbold\u00a0\u00bb el_class=\u00a0\u00bbcustom-title-box\u00a0\u00bb][\/vc_column][\/vc_row][vc_row][vc_column][mk_padding_divider size=\u00a0\u00bb60&Prime;][vc_row_inner el_class=\u00a0\u00bbcenter-y\u00a0\u00bb][vc_column_inner width=\u00a0\u00bb4\/12&Prime;][mk_image src=\u00a0\u00bbhttp:\/\/pmpvalve.com\/wp-content\/uploads\/2018\/03\/valve-97&#215;300.png\u00a0\u00bb image_width=\u00a0\u00bb97&Prime; image_height=\u00a0\u00bb300&Prime; align=\u00a0\u00bbcenter\u00a0\u00bb][\/vc_column_inner][vc_column_inner width=\u00a0\u00bb8\/12&Prime;][mk_fancy_title color=\u00a0\u00bb#335099&Prime; size=\u00a0\u00bb26&Prime; txt_transform=\u00a0\u00bbcapitalize\u00a0\u00bb margin_bottom=\u00a0\u00bb0&Prime; font_family=\u00a0\u00bbnone\u00a0\u00bb el_class=\u00a0\u00bbcustom-fancy-headding\u00a0\u00bb]Notre s\u00e9rie Jash mono de vannes \u00e0 guillotine peut \u00eatre configur\u00e9e pour une utilisation dans de nombreuses industries :[\/mk_fancy_title][mk_fancy_title color=\u00a0\u00bb#231f20&Prime; size=\u00a0\u00bb16&Prime; margin_bottom=\u00a0\u00bb0&Prime; font_family=\u00a0\u00bbnone\u00a0\u00bb] [&hellip;]\" \/>\n<meta property=\"og:url\" content=\"https:\/\/pmpvalve.com\/fr\/autres-industries\/\" \/>\n<meta property=\"og:site_name\" content=\"PMP Precision Valve Co. Ltd.\" \/>\n<meta property=\"article:publisher\" content=\"https:\/\/www.facebook.com\/PMP-Precision-Valve-473424296169531\" \/>\n<meta property=\"article:modified_time\" content=\"2018-04-14T05:18:55+00:00\" \/>\n<meta name=\"twitter:card\" content=\"summary_large_image\" \/>\n<meta name=\"twitter:label1\" content=\"Dur\u00e9e de lecture estim\u00e9e\" \/>\n\t<meta name=\"twitter:data1\" content=\"3 minutes\" \/>\n<script type=\"application\/ld+json\" class=\"yoast-schema-graph\">{\"@context\":\"https:\/\/schema.org\",\"@graph\":[{\"@type\":\"WebPage\",\"@id\":\"https:\/\/pmpvalve.com\/fr\/autres-industries\/\",\"url\":\"https:\/\/pmpvalve.com\/fr\/autres-industries\/\",\"name\":\"Autres industries - PMP Precision Valve Co. Ltd.\",\"isPartOf\":{\"@id\":\"https:\/\/pmpvalve.com\/fr\/#website\"},\"datePublished\":\"2018-04-14T05:17:01+00:00\",\"dateModified\":\"2018-04-14T05:18:55+00:00\",\"breadcrumb\":{\"@id\":\"https:\/\/pmpvalve.com\/fr\/autres-industries\/#breadcrumb\"},\"inLanguage\":\"fr-FR\",\"potentialAction\":[{\"@type\":\"ReadAction\",\"target\":[\"https:\/\/pmpvalve.com\/fr\/autres-industries\/\"]}]},{\"@type\":\"BreadcrumbList\",\"@id\":\"https:\/\/pmpvalve.com\/fr\/autres-industries\/#breadcrumb\",\"itemListElement\":[{\"@type\":\"ListItem\",\"position\":1,\"name\":\"Home\",\"item\":\"https:\/\/pmpvalve.com\/fr\/\"},{\"@type\":\"ListItem\",\"position\":2,\"name\":\"Autres industries\"}]},{\"@type\":\"WebSite\",\"@id\":\"https:\/\/pmpvalve.com\/fr\/#website\",\"url\":\"https:\/\/pmpvalve.com\/fr\/\",\"name\":\"PMP Precision Valve Co. Ltd.\",\"description\":\"\",\"publisher\":{\"@id\":\"https:\/\/pmpvalve.com\/fr\/#organization\"},\"potentialAction\":[{\"@type\":\"SearchAction\",\"target\":{\"@type\":\"EntryPoint\",\"urlTemplate\":\"https:\/\/pmpvalve.com\/fr\/?s={search_term_string}\"},\"query-input\":{\"@type\":\"PropertyValueSpecification\",\"valueRequired\":true,\"valueName\":\"search_term_string\"}}],\"inLanguage\":\"fr-FR\"},{\"@type\":\"Organization\",\"@id\":\"https:\/\/pmpvalve.com\/fr\/#organization\",\"name\":\"PMP Precision Valve Co. Inc.\",\"url\":\"https:\/\/pmpvalve.com\/fr\/\",\"logo\":{\"@type\":\"ImageObject\",\"inLanguage\":\"fr-FR\",\"@id\":\"https:\/\/pmpvalve.com\/fr\/#\/schema\/logo\/image\/\",\"url\":\"http:\/\/pmpvalve.com\/wp-content\/uploads\/2018\/04\/pmp_logo.png\",\"contentUrl\":\"http:\/\/pmpvalve.com\/wp-content\/uploads\/2018\/04\/pmp_logo.png\",\"width\":250,\"height\":80,\"caption\":\"PMP Precision Valve Co. Inc.\"},\"image\":{\"@id\":\"https:\/\/pmpvalve.com\/fr\/#\/schema\/logo\/image\/\"},\"sameAs\":[\"https:\/\/www.facebook.com\/PMP-Precision-Valve-473424296169531\",\"https:\/\/ca.linkedin.com\/company\/pmp-precision-valve-co-ltd\"]}]}<\/script>\n<!-- \/ Yoast SEO plugin. -->","yoast_head_json":{"title":"Autres industries - PMP Precision Valve Co. Ltd.","robots":{"index":"index","follow":"follow","max-snippet":"max-snippet:-1","max-image-preview":"max-image-preview:large","max-video-preview":"max-video-preview:-1"},"canonical":"https:\/\/pmpvalve.com\/fr\/autres-industries\/","og_locale":"fr_FR","og_type":"article","og_title":"Autres industries - PMP Precision Valve Co. Ltd.","og_description":"[vc_row fullwidth=\u00a0\u00bbtrue\u00a0\u00bb][vc_column][mk_page_title_box page_title=\u00a0\u00bbAutres industries\u00a0\u00bb section_height=\u00a0\u00bb250&Prime; bg_image=\u00a0\u00bbhttp:\/\/pmpvalve.com\/wp-content\/uploads\/2018\/03\/industry-3257263_1920.jpg\u00a0\u00bb bg_position=\u00a0\u00bbcenter bottom\u00a0\u00bb bg_repeat=\u00a0\u00bbno-repeat\u00a0\u00bb bg_stretch=\u00a0\u00bbtrue\u00a0\u00bb overlay=\u00a0\u00bbrgba(0,0,0,0.65)\u00a0\u00bb title_force_font_size=\u00a0\u00bbtrue\u00a0\u00bb title_size_smallscreen=\u00a0\u00bb45&Prime; title_size_tablet=\u00a0\u00bb35&Prime; title_size_phone=\u00a0\u00bb25&Prime; title_letter_spacing=\u00a0\u00bb2&Prime; font_color=\u00a0\u00bb#ffffff\u00a0\u00bb font_weight=\u00a0\u00bbbold\u00a0\u00bb el_class=\u00a0\u00bbcustom-title-box\u00a0\u00bb][\/vc_column][\/vc_row][vc_row][vc_column][mk_padding_divider size=\u00a0\u00bb60&Prime;][vc_row_inner el_class=\u00a0\u00bbcenter-y\u00a0\u00bb][vc_column_inner width=\u00a0\u00bb4\/12&Prime;][mk_image src=\u00a0\u00bbhttp:\/\/pmpvalve.com\/wp-content\/uploads\/2018\/03\/valve-97&#215;300.png\u00a0\u00bb image_width=\u00a0\u00bb97&Prime; image_height=\u00a0\u00bb300&Prime; align=\u00a0\u00bbcenter\u00a0\u00bb][\/vc_column_inner][vc_column_inner width=\u00a0\u00bb8\/12&Prime;][mk_fancy_title color=\u00a0\u00bb#335099&Prime; size=\u00a0\u00bb26&Prime; txt_transform=\u00a0\u00bbcapitalize\u00a0\u00bb margin_bottom=\u00a0\u00bb0&Prime; font_family=\u00a0\u00bbnone\u00a0\u00bb el_class=\u00a0\u00bbcustom-fancy-headding\u00a0\u00bb]Notre s\u00e9rie Jash mono de vannes \u00e0 guillotine peut \u00eatre configur\u00e9e pour une utilisation dans de nombreuses industries :[\/mk_fancy_title][mk_fancy_title color=\u00a0\u00bb#231f20&Prime; size=\u00a0\u00bb16&Prime; margin_bottom=\u00a0\u00bb0&Prime; font_family=\u00a0\u00bbnone\u00a0\u00bb] [&hellip;]","og_url":"https:\/\/pmpvalve.com\/fr\/autres-industries\/","og_site_name":"PMP Precision Valve Co. Ltd.","article_publisher":"https:\/\/www.facebook.com\/PMP-Precision-Valve-473424296169531","article_modified_time":"2018-04-14T05:18:55+00:00","twitter_card":"summary_large_image","twitter_misc":{"Dur\u00e9e de lecture estim\u00e9e":"3 minutes"},"schema":{"@context":"https:\/\/schema.org","@graph":[{"@type":"WebPage","@id":"https:\/\/pmpvalve.com\/fr\/autres-industries\/","url":"https:\/\/pmpvalve.com\/fr\/autres-industries\/","name":"Autres industries - PMP Precision Valve Co. Ltd.","isPartOf":{"@id":"https:\/\/pmpvalve.com\/fr\/#website"},"datePublished":"2018-04-14T05:17:01+00:00","dateModified":"2018-04-14T05:18:55+00:00","breadcrumb":{"@id":"https:\/\/pmpvalve.com\/fr\/autres-industries\/#breadcrumb"},"inLanguage":"fr-FR","potentialAction":[{"@type":"ReadAction","target":["https:\/\/pmpvalve.com\/fr\/autres-industries\/"]}]},{"@type":"BreadcrumbList","@id":"https:\/\/pmpvalve.com\/fr\/autres-industries\/#breadcrumb","itemListElement":[{"@type":"ListItem","position":1,"name":"Home","item":"https:\/\/pmpvalve.com\/fr\/"},{"@type":"ListItem","position":2,"name":"Autres industries"}]},{"@type":"WebSite","@id":"https:\/\/pmpvalve.com\/fr\/#website","url":"https:\/\/pmpvalve.com\/fr\/","name":"PMP Precision Valve Co. Ltd.","description":"","publisher":{"@id":"https:\/\/pmpvalve.com\/fr\/#organization"},"potentialAction":[{"@type":"SearchAction","target":{"@type":"EntryPoint","urlTemplate":"https:\/\/pmpvalve.com\/fr\/?s={search_term_string}"},"query-input":{"@type":"PropertyValueSpecification","valueRequired":true,"valueName":"search_term_string"}}],"inLanguage":"fr-FR"},{"@type":"Organization","@id":"https:\/\/pmpvalve.com\/fr\/#organization","name":"PMP Precision Valve Co. Inc.","url":"https:\/\/pmpvalve.com\/fr\/","logo":{"@type":"ImageObject","inLanguage":"fr-FR","@id":"https:\/\/pmpvalve.com\/fr\/#\/schema\/logo\/image\/","url":"http:\/\/pmpvalve.com\/wp-content\/uploads\/2018\/04\/pmp_logo.png","contentUrl":"http:\/\/pmpvalve.com\/wp-content\/uploads\/2018\/04\/pmp_logo.png","width":250,"height":80,"caption":"PMP Precision Valve Co. Inc."},"image":{"@id":"https:\/\/pmpvalve.com\/fr\/#\/schema\/logo\/image\/"},"sameAs":["https:\/\/www.facebook.com\/PMP-Precision-Valve-473424296169531","https:\/\/ca.linkedin.com\/company\/pmp-precision-valve-co-ltd"]}]}},"_links":{"self":[{"href":"https:\/\/pmpvalve.com\/fr\/wp-json\/wp\/v2\/pages\/512","targetHints":{"allow":["GET"]}}],"collection":[{"href":"https:\/\/pmpvalve.com\/fr\/wp-json\/wp\/v2\/pages"}],"about":[{"href":"https:\/\/pmpvalve.com\/fr\/wp-json\/wp\/v2\/types\/page"}],"author":[{"embeddable":true,"href":"https:\/\/pmpvalve.com\/fr\/wp-json\/wp\/v2\/users\/2"}],"replies":[{"embeddable":true,"href":"https:\/\/pmpvalve.com\/fr\/wp-json\/wp\/v2\/comments?post=512"}],"version-history":[{"count":3,"href":"https:\/\/pmpvalve.com\/fr\/wp-json\/wp\/v2\/pages\/512\/revisions"}],"predecessor-version":[{"id":515,"href":"https:\/\/pmpvalve.com\/fr\/wp-json\/wp\/v2\/pages\/512\/revisions\/515"}],"wp:attachment":[{"href":"https:\/\/pmpvalve.com\/fr\/wp-json\/wp\/v2\/media?parent=512"}],"curies":[{"name":"wp","href":"https:\/\/api.w.org\/{rel}","templated":true}]}}